{"id":2043,"date":"2026-01-23T12:05:21","date_gmt":"2026-01-23T12:05:21","guid":{"rendered":"https:\/\/mictufting.com\/?page_id=2043"},"modified":"2026-02-03T11:55:12","modified_gmt":"2026-02-03T11:55:12","slug":"android-loop","status":"publish","type":"page","link":"https:\/\/www.mictufting.com\/tr\/machines\/android-loop\/","title":{"rendered":"Android Loop"},"content":{"rendered":"<div data-elementor-type=\"wp-page\" data-elementor-id=\"2043\" class=\"elementor elementor-2043\">\n\t\t\t\t\t\t<section class=\"elementor-section elementor-top-section elementor-element elementor-element-284716c elementor-section-full_width elementor-section-height-default elementor-section-height-default\" data-id=\"284716c\" data-element_type=\"section\" data-settings=\"{&quot;wdt_bg_position_mobile&quot;:&quot;center center&quot;,&quot;wdt_bg_size_mobile&quot;:&quot;contain&quot;,&quot;wdt_bg_image&quot;:{&quot;url&quot;:&quot;&quot;,&quot;id&quot;:&quot;&quot;,&quot;size&quot;:&quot;&quot;},&quot;wdt_bg_image_widescreen&quot;:{&quot;url&quot;:&quot;&quot;,&quot;id&quot;:&quot;&quot;,&quot;size&quot;:&quot;&quot;},&quot;wdt_bg_image_laptop&quot;:{&quot;url&quot;:&quot;&quot;,&quot;id&quot;:&quot;&quot;,&quot;size&quot;:&quot;&quot;},&quot;wdt_bg_image_tablet_extra&quot;:{&quot;url&quot;:&quot;&quot;,&quot;id&quot;:&quot;&quot;,&quot;size&quot;:&quot;&quot;},&quot;wdt_bg_image_tablet&quot;:{&quot;url&quot;:&quot;&quot;,&quot;id&quot;:&quot;&quot;,&quot;size&quot;:&quot;&quot;},&quot;wdt_bg_image_mobile_extra&quot;:{&quot;url&quot;:&quot;&quot;,&quot;id&quot;:&quot;&quot;,&quot;size&quot;:&quot;&quot;},&quot;wdt_bg_image_mobile&quot;:{&quot;url&quot;:&quot;&quot;,&quot;id&quot;:&quot;&quot;,&quot;size&quot;:&quot;&quot;},&quot;wdt_bg_position&quot;:&quot;center center&quot;,&quot;wdt_animation_effect&quot;:&quot;none&quot;}\">\n\t\t\t\t\t\t<div class=\"elementor-container elementor-column-gap-no\">\n\t\t\t\t\t<div class=\"elementor-column elementor-col-100 elementor-top-column elementor-element elementor-element-71a61cd\" data-id=\"71a61cd\" data-element_type=\"column\">\n\t\t\t<div class=\"elementor-widget-wrap elementor-element-populated\">\n\t\t\t\t\t\t<section class=\"elementor-section elementor-inner-section elementor-element elementor-element-4b7247a elementor-section-boxed elementor-section-height-default elementor-section-height-default\" data-id=\"4b7247a\" data-element_type=\"section\" data-settings=\"{&quot;wdt_bg_image&quot;:{&quot;url&quot;:&quot;&quot;,&quot;id&quot;:&quot;&quot;,&quot;size&quot;:&quot;&quot;},&quot;wdt_bg_image_widescreen&quot;:{&quot;url&quot;:&quot;&quot;,&quot;id&quot;:&quot;&quot;,&quot;size&quot;:&quot;&quot;},&quot;wdt_bg_image_laptop&quot;:{&quot;url&quot;:&quot;&quot;,&quot;id&quot;:&quot;&quot;,&quot;size&quot;:&quot;&quot;},&quot;wdt_bg_image_tablet_extra&quot;:{&quot;url&quot;:&quot;&quot;,&quot;id&quot;:&quot;&quot;,&quot;size&quot;:&quot;&quot;},&quot;wdt_bg_image_tablet&quot;:{&quot;url&quot;:&quot;&quot;,&quot;id&quot;:&quot;&quot;,&quot;size&quot;:&quot;&quot;},&quot;wdt_bg_image_mobile_extra&quot;:{&quot;url&quot;:&quot;&quot;,&quot;id&quot;:&quot;&quot;,&quot;size&quot;:&quot;&quot;},&quot;wdt_bg_image_mobile&quot;:{&quot;url&quot;:&quot;&quot;,&quot;id&quot;:&quot;&quot;,&quot;size&quot;:&quot;&quot;},&quot;wdt_bg_position&quot;:&quot;center center&quot;,&quot;wdt_animation_effect&quot;:&quot;none&quot;}\">\n\t\t\t\t\t\t<div class=\"elementor-container elementor-column-gap-no\">\n\t\t\t\t\t<div class=\"elementor-column elementor-col-33 elementor-inner-column elementor-element elementor-element-bc528eb\" data-id=\"bc528eb\" data-element_type=\"column\">\n\t\t\t<div class=\"elementor-widget-wrap elementor-element-populated\">\n\t\t\t\t\t\t<div class=\"elementor-element elementor-element-aae54a9 elementor-widget elementor-widget-image\" data-id=\"aae54a9\" data-element_type=\"widget\" data-settings=\"{&quot;wdt_animation_effect&quot;:&quot;none&quot;}\" data-widget_type=\"image.default\">\n\t\t\t\t\t\t\t\t\t\t\t\t\t\t\t<img fetchpriority=\"high\" decoding=\"async\" width=\"600\" height=\"1000\" src=\"https:\/\/www.mictufting.com\/wp-content\/uploads\/2026\/01\/level-loop.png\" class=\"attachment-large size-large wp-image-1907\" alt=\"\" srcset=\"https:\/\/www.mictufting.com\/wp-content\/uploads\/2026\/01\/level-loop.png 600w, https:\/\/www.mictufting.com\/wp-content\/uploads\/2026\/01\/level-loop-180x300.png 180w\" sizes=\"(max-width: 600px) 100vw, 600px\" \/>\t\t\t\t\t\t\t\t\t\t\t\t\t\t\t<\/div>\n\t\t\t\t\t<\/div>\n\t\t<\/div>\n\t\t\t\t<div class=\"elementor-column elementor-col-66 elementor-inner-column elementor-element elementor-element-3592259\" data-id=\"3592259\" data-element_type=\"column\">\n\t\t\t<div class=\"elementor-widget-wrap elementor-element-populated\">\n\t\t\t\t\t\t<div class=\"elementor-element elementor-element-c640f07 elementor-widget elementor-widget-wdt-heading\" data-id=\"c640f07\" data-element_type=\"widget\" data-settings=\"{&quot;wdt_animation_effect&quot;:&quot;none&quot;}\" data-widget_type=\"wdt-heading.default\">\n\t\t\t\t<div class=\"elementor-widget-container\">\n\t\t\t\t\t<div class=\"wdt-heading-holder\" id=\"wdt-heading-c640f07\"><h3 class=\"wdt-heading-title-wrapper wdt-heading-align-default-align wdt-heading-deco-wrapper\"><span class=\"wdt-heading-title\">Y\u00fcksek kaliteli \u00fcr\u00fcnler \u00fcretin<\/span><\/h3><div class=\"wdt-heading-content-wrapper\">\u00d6rg\u00fc makinelerimizin her bir bile\u015feni, en son teknoloji \u00fcretim teknolojisi ve en yeni CNC makineleri kullan\u0131larak titizlikle i\u015flenir. Montaj s\u00fcreci, s\u0131k\u0131 kalite kontrol protokollerine uygun olarak ger\u00e7ekle\u015ftirilir ve her bir par\u00e7an\u0131n en y\u00fcksek hassasiyet ve do\u011frulukla tak\u0131lmas\u0131 sa\u011flan\u0131r. Detaylara g\u00f6sterilen bu titiz dikkat, nihai \u00fcr\u00fcn\u00fcn kalitesinin en y\u00fcksek boyut standartlar\u0131nda tutarl\u0131 bir \u015fekilde sabit kalmas\u0131n\u0131 garanti eder. Geli\u015fmi\u015f kalite g\u00fcvence sistemlerimiz, hammadde se\u00e7iminden son montaja kadar \u00fcretimin her a\u015famas\u0131n\u0131 izleyerek, her makinenin uluslararas\u0131 kalite standartlar\u0131n\u0131 kar\u015f\u0131lad\u0131\u011f\u0131ndan veya a\u015ft\u0131\u011f\u0131ndan emin olur. Sonu\u00e7, ola\u011fan\u00fcst\u00fc \u00e7\u0131kt\u0131 tutarl\u0131l\u0131\u011f\u0131 sa\u011flayan ve \u00e7al\u0131\u015fma \u00f6mr\u00fc boyunca \u00fcst\u00fcn \u00fcr\u00fcn kalitesini koruyan, g\u00fcvenilir, y\u00fcksek performansl\u0131 bir \u00f6rg\u00fc makinesidir.<\/div><\/div>\t\t\t\t<\/div>\n\t\t\t\t<\/div>\n\t\t\t\t<div class=\"elementor-element elementor-element-89f8e81 elementor-widget elementor-widget-wdt-heading\" data-id=\"89f8e81\" data-element_type=\"widget\" data-settings=\"{&quot;wdt_animation_effect&quot;:&quot;none&quot;}\" data-widget_type=\"wdt-heading.default\">\n\t\t\t\t<div class=\"elementor-widget-container\">\n\t\t\t\t\t<div class=\"wdt-heading-holder\" id=\"wdt-heading-89f8e81\"><h3 class=\"wdt-heading-title-wrapper wdt-heading-align-default-align wdt-heading-deco-wrapper\"><span class=\"wdt-heading-title\">Y\u00fcksek verimlilik sunar<\/span><\/h3><div class=\"wdt-heading-content-wrapper\">Makinemizin ola\u011fan\u00fcst\u00fc do\u011frulu\u011fu ve hassas m\u00fchendisli\u011fi sayesinde, istikrarl\u0131 y\u00fcksek h\u0131zl\u0131 \u00e7al\u0131\u015fma sadece m\u00fcmk\u00fcn olmakla kalmaz, ayn\u0131 zamanda \u00e7e\u015fitli \u00fcretim senaryolar\u0131nda tutarl\u0131 bir \u015fekilde elde edilebilir. Geli\u015fmi\u015f mekanik tasar\u0131m, sofistike elektronik kontrol sistemleri ile birle\u015fti\u011finde, operat\u00f6rlerin dar geni\u015flikteki \u00fcr\u00fcnlerle \u00e7al\u0131\u015f\u0131rken veya geni\u015f geni\u015flikteki \u00fcretime ge\u00e7erken verimlili\u011fi \u00f6nemli \u00f6l\u00e7\u00fcde art\u0131rmalar\u0131n\u0131 sa\u011flar. Makinelerimiz, uzun \u00fcretim s\u00fcre\u00e7lerinde bile optimum performans seviyelerini korumak, ar\u0131za s\u00fcresini en aza indirmek ve \u00fcretim verimlili\u011fini en \u00fcst d\u00fczeye \u00e7\u0131karmak i\u00e7in tasarlanm\u0131\u015ft\u0131r. Ak\u0131ll\u0131 h\u0131z kontrol sistemi, farkl\u0131 kuma\u015f t\u00fcrlerine ve \u00fcretim gereksinimlerine otomatik olarak uyum sa\u011flayarak, maksimum h\u0131zda \u00e7al\u0131\u015f\u0131rken tutarl\u0131 kaliteyi garanti eder. Bu esneklik, \u00fcreticilerin pazar taleplerine h\u0131zl\u0131 bir \u015fekilde yan\u0131t vermesine, \u00fcr\u00fcn gruplar\u0131 aras\u0131nda sorunsuz bir \u015fekilde ge\u00e7i\u015f yapmas\u0131na ve kalite veya g\u00fcvenilirlikten \u00f6d\u00fcn vermeden daha y\u00fcksek \u00fcretim hacimleri elde etmesine olanak tan\u0131r.<\/div><\/div>\t\t\t\t<\/div>\n\t\t\t\t<\/div>\n\t\t\t\t<div class=\"elementor-element elementor-element-7407e85 elementor-widget elementor-widget-wdt-heading\" data-id=\"7407e85\" data-element_type=\"widget\" data-settings=\"{&quot;wdt_animation_effect&quot;:&quot;none&quot;}\" data-widget_type=\"wdt-heading.default\">\n\t\t\t\t<div class=\"elementor-widget-container\">\n\t\t\t\t\t<div class=\"wdt-heading-holder\" id=\"wdt-heading-7407e85\"><h3 class=\"wdt-heading-title-wrapper wdt-heading-align-default-align wdt-heading-deco-wrapper\"><span class=\"wdt-heading-title\">Y\u00fcksek dayan\u0131kl\u0131l\u0131k ve bak\u0131m kolayl\u0131\u011f\u0131<\/span><\/h3><div class=\"wdt-heading-content-wrapper\">M\u00fckemmelli\u011fe olan ba\u011fl\u0131l\u0131\u011f\u0131m\u0131z, ilk performanstan \u00f6te, uzun vadeli g\u00fcvenilirlik ve operasyonel verimlili\u011fe kadar uzan\u0131r. Her bir bile\u015fen, dayan\u0131kl\u0131l\u0131k ve a\u015f\u0131nma direnci a\u00e7\u0131s\u0131ndan titizlikle test edilmi\u015f, \u00f6zenle se\u00e7ilmi\u015f birinci s\u0131n\u0131f malzemelerden \u00fcretilmi\u015ftir. M\u00fchendislik tasar\u0131m\u0131, kolay eri\u015filebilir servis noktalar\u0131, mod\u00fcler bile\u015fenler ve ar\u0131za s\u00fcresini ve servis maliyetlerini \u00f6nemli \u00f6l\u00e7\u00fcde azaltan kullan\u0131c\u0131 dostu bak\u0131m prosed\u00fcrleri ile bak\u0131m kolayl\u0131\u011f\u0131n\u0131 temel bir ilke olarak benimser. Bu \u00f6zenli tasar\u0131m felsefesi, makinelerimizin minimum bak\u0131m gereksinimi ile uzun s\u00fcreler boyunca kesintisiz olarak \u00e7al\u0131\u015ft\u0131r\u0131labilece\u011fi anlam\u0131na gelir. Y\u00fcksek kaliteli malzemeler, sa\u011flam yap\u0131 ve ak\u0131ll\u0131 tasar\u0131m\u0131n birle\u015fimi, genellikle end\u00fcstri standartlar\u0131n\u0131 \u00f6nemli \u00f6l\u00e7\u00fcde a\u015fan, ola\u011fan\u00fcst\u00fc uzun bir \u00e7al\u0131\u015fma \u00f6mr\u00fc sa\u011flar. Azalan bak\u0131m maliyetleri, minimum yedek par\u00e7a gereksinimleri ve uzun y\u0131llar boyunca s\u00fcrd\u00fcr\u00fclen y\u00fcksek performans g\u00f6z \u00f6n\u00fcne al\u0131nd\u0131\u011f\u0131nda, makinelerimiz ola\u011fan\u00fcst\u00fc maliyet performans\u0131 ve yat\u0131r\u0131m getirisi sunarak hem k\u00fc\u00e7\u00fck \u00f6l\u00e7ekli \u00fcreticiler hem de b\u00fcy\u00fck end\u00fcstriyel i\u015fletmeler i\u00e7in ideal bir se\u00e7imdir.<\/div><\/div>\t\t\t\t<\/div>\n\t\t\t\t<\/div>\n\t\t\t\t\t<\/div>\n\t\t<\/div>\n\t\t\t\t\t<\/div>\n\t\t<\/section>\n\t\t\t\t\t<\/div>\n\t\t<\/div>\n\t\t\t\t\t<\/div>\n\t\t<\/section>\n\t\t<div class=\"elementor-element elementor-element-f815ef3 e-flex e-con-boxed e-con e-parent\" data-id=\"f815ef3\" data-element_type=\"container\">\n\t\t\t\t\t<div class=\"e-con-inner\">\n\t\t\t\t<div class=\"elementor-element elementor-element-5a7b6fe elementor-widget elementor-widget-html\" data-id=\"5a7b6fe\" data-element_type=\"widget\" data-settings=\"{&quot;wdt_animation_effect&quot;:&quot;none&quot;}\" data-widget_type=\"html.default\">\n\t\t\t\t\t<div class=\"table-view\">\r\n            <table>\r\n                <thead>\r\n                    <tr>\r\n                        <th>\u00d6l\u00e7\u00fc<\/th>\r\n                        <th>\u00c7al\u0131\u015fma geni\u015fli\u011fi<\/th>\r\n                        <th>\u0130plik Besleme<\/th>\r\n                        <th>D\u00f6ng\u00fc mekanizmas\u0131<\/th>\r\n                        <th>\u0130\u011fne<\/th>\r\n                        <th>Notlar ve Se\u00e7enekler<\/th>\r\n                    <\/tr>\r\n                <\/thead>\r\n                <tbody>\r\n                    <tr>\r\n                        <td class=\"gauge-cell\">\r\n                            1\/2G, 3 \/ 8G, 5\/ 16G, 1 \/ 4G,1 \/ 5G 3\/ 16G, 5 \/ 32G, 1 \/ 8G, 1\/ 10G, 1\/ 12G, 5 \/ 64G\r\n                        <\/td>\r\n                        <td>0.5 m ~ 5 m<\/td>\r\n                        <td>\u0130plik besleme rulosu. 5\"rulo veya 6\" rulo<br>\u00d6n taraf \/ Her iki taraf<\/td>\r\n                        <td>S\u0131ral\u0131 \/ Kademeli<br>D\u00f6ng\u00fc L\u00fcper<\/td>\r\n                        <td>S\u0131ral\u0131 \/ Kademeli<\/td>\r\n                        <td>\r\n                            Tek S\u00fcrg\u00fcl\u00fc i\u011fne \u00e7ubu\u011fu-Mekanik kam<br>\r\n                            Tek S\u00fcrg\u00fcl\u00fc i\u011fne \u00e7ubu\u011fu - Lineer motor<br>\r\n                            \u00c7ift S\u00fcrg\u00fcl\u00fc i\u011fne \u00e7ubu\u011fu-Mekanik camX2<br>\r\n                            \u00c7ift S\u00fcrg\u00fcl\u00fc i\u011fne \u00e7ubu\u011fu - Lineer motorX2<br>\r\n                            J\u00fct ta\u015f\u0131y\u0131c\u0131\r\n                        <\/td>\r\n                    <\/tr>\r\n                <\/tbody>\r\n            <\/table>\r\n        <\/div>\r\n\r\n        <!-- Mobile Kart G\u00f6r\u00fcn\u00fcm\u00fc -->\r\n        <div class=\"card-view\">\r\n            <div class=\"spec-card\">\r\n                <div class=\"card-header\">\u00d6l\u00e7\u00fc<\/div>\r\n                <div class=\"card-content gauge\">\r\n                    1\/2G, 3 \/ 8G, 5\/ 16G, 1 \/ 4G,1 \/ 5G 3\/ 16G, 5 \/ 32G, 1 \/ 8G, 1\/ 10G, 1\/ 12G, 5 \/ 64G\r\n                <\/div>\r\n            <\/div>\r\n\r\n            <div class=\"spec-card\">\r\n                <div class=\"card-header\">\u00c7al\u0131\u015fma geni\u015fli\u011fi<\/div>\r\n                <div class=\"card-content\">\r\n                    0.5 m ~ 5 m\r\n                <\/div>\r\n            <\/div>\r\n\r\n            <div class=\"spec-card\">\r\n                <div class=\"card-header\">\u0130plik Besleme<\/div>\r\n                <div class=\"card-content\">\r\n                    \u0130plik besleme rulosu. 5\"rulo veya 6\" rulo<br>\r\n                    \u00d6n taraf \/ Her iki taraf\r\n                <\/div>\r\n            <\/div>\r\n\r\n            <div class=\"spec-card\">\r\n                <div class=\"card-header\">D\u00f6ng\u00fc mekanizmas\u0131<\/div>\r\n                <div class=\"card-content\">\r\n                    S\u0131ral\u0131 \/ Kademeli<br>\r\n                    D\u00f6ng\u00fc L\u00fcper\r\n                <\/div>\r\n            <\/div>\r\n\r\n            <div class=\"spec-card\">\r\n                <div class=\"card-header\">\u0130\u011fne<\/div>\r\n                <div class=\"card-content\">\r\n                    S\u0131ral\u0131 \/ Kademeli\r\n                <\/div>\r\n            <\/div>\r\n\r\n            <div class=\"spec-card\">\r\n                <div class=\"card-header\">Notlar ve Se\u00e7enekler<\/div>\r\n                <div class=\"card-content\">\r\n                    Tek S\u00fcrg\u00fcl\u00fc i\u011fne \u00e7ubu\u011fu-Mekanik kam<br>\r\n                    Tek S\u00fcrg\u00fcl\u00fc i\u011fne \u00e7ubu\u011fu - Lineer motor<br>\r\n                    \u00c7ift S\u00fcrg\u00fcl\u00fc i\u011fne \u00e7ubu\u011fu-Mekanik camX2<br>\r\n                    \u00c7ift S\u00fcrg\u00fcl\u00fc i\u011fne \u00e7ubu\u011fu - Lineer motorX2<br>\r\n                    J\u00fct ta\u015f\u0131y\u0131c\u0131\r\n                <\/div>\r\n            <\/div>\r\n        <\/div>\t\t\t\t<\/div>\n\t\t\t\t\t<\/div>\n\t\t\t\t<\/div>\n\t\t\t\t<\/div>","protected":false},"excerpt":{"rendered":"<p>Make high-quality products Every component of our knitting machines is meticulously processed using state-of-the-art manufacturing technology and cutting-edge CNC machinery. The assembly process follows strict quality control protocols, ensuring that each part is fitted with ultimate precision and accuracy. This meticulous attention to detail guarantees that the quality of the final product remains consistently stable [&hellip;]<\/p>","protected":false},"author":1,"featured_media":0,"parent":320,"menu_order":0,"comment_status":"closed","ping_status":"closed","template":"","meta":{"footnotes":""},"class_list":["post-2043","page","type-page","status-publish","hentry"],"_links":{"self":[{"href":"https:\/\/www.mictufting.com\/tr\/wp-json\/wp\/v2\/pages\/2043","targetHints":{"allow":["GET"]}}],"collection":[{"href":"https:\/\/www.mictufting.com\/tr\/wp-json\/wp\/v2\/pages"}],"about":[{"href":"https:\/\/www.mictufting.com\/tr\/wp-json\/wp\/v2\/types\/page"}],"author":[{"embeddable":true,"href":"https:\/\/www.mictufting.com\/tr\/wp-json\/wp\/v2\/users\/1"}],"replies":[{"embeddable":true,"href":"https:\/\/www.mictufting.com\/tr\/wp-json\/wp\/v2\/comments?post=2043"}],"version-history":[{"count":7,"href":"https:\/\/www.mictufting.com\/tr\/wp-json\/wp\/v2\/pages\/2043\/revisions"}],"predecessor-version":[{"id":2509,"href":"https:\/\/www.mictufting.com\/tr\/wp-json\/wp\/v2\/pages\/2043\/revisions\/2509"}],"up":[{"embeddable":true,"href":"https:\/\/www.mictufting.com\/tr\/wp-json\/wp\/v2\/pages\/320"}],"wp:attachment":[{"href":"https:\/\/www.mictufting.com\/tr\/wp-json\/wp\/v2\/media?parent=2043"}],"curies":[{"name":"wp","href":"https:\/\/api.w.org\/{rel}","templated":true}]}}