{"id":2123,"date":"2026-01-23T17:52:05","date_gmt":"2026-01-23T17:52:05","guid":{"rendered":"https:\/\/www.mictufting.com\/?page_id=2123"},"modified":"2026-01-26T06:25:50","modified_gmt":"2026-01-26T06:25:50","slug":"our-mission-mision","status":"publish","type":"page","link":"https:\/\/www.mictufting.com\/tr\/our-mission-mision\/","title":{"rendered":"Misyon ve Vizyonumuz"},"content":{"rendered":"<div data-elementor-type=\"wp-page\" data-elementor-id=\"2123\" class=\"elementor elementor-2123\">\n\t\t\t\t\t\t<section class=\"elementor-section elementor-top-section elementor-element elementor-element-088270f elementor-section-full_width elementor-section-height-default elementor-section-height-default\" data-id=\"088270f\" data-element_type=\"section\" data-settings=\"{&quot;wdt_bg_position_mobile&quot;:&quot;center center&quot;,&quot;wdt_bg_size_mobile&quot;:&quot;contain&quot;,&quot;wdt_bg_image&quot;:{&quot;url&quot;:&quot;&quot;,&quot;id&quot;:&quot;&quot;,&quot;size&quot;:&quot;&quot;},&quot;wdt_bg_image_widescreen&quot;:{&quot;url&quot;:&quot;&quot;,&quot;id&quot;:&quot;&quot;,&quot;size&quot;:&quot;&quot;},&quot;wdt_bg_image_laptop&quot;:{&quot;url&quot;:&quot;&quot;,&quot;id&quot;:&quot;&quot;,&quot;size&quot;:&quot;&quot;},&quot;wdt_bg_image_tablet_extra&quot;:{&quot;url&quot;:&quot;&quot;,&quot;id&quot;:&quot;&quot;,&quot;size&quot;:&quot;&quot;},&quot;wdt_bg_image_tablet&quot;:{&quot;url&quot;:&quot;&quot;,&quot;id&quot;:&quot;&quot;,&quot;size&quot;:&quot;&quot;},&quot;wdt_bg_image_mobile_extra&quot;:{&quot;url&quot;:&quot;&quot;,&quot;id&quot;:&quot;&quot;,&quot;size&quot;:&quot;&quot;},&quot;wdt_bg_image_mobile&quot;:{&quot;url&quot;:&quot;&quot;,&quot;id&quot;:&quot;&quot;,&quot;size&quot;:&quot;&quot;},&quot;wdt_bg_position&quot;:&quot;center center&quot;,&quot;wdt_animation_effect&quot;:&quot;none&quot;}\">\n\t\t\t\t\t\t<div class=\"elementor-container elementor-column-gap-no\">\n\t\t\t\t\t<div class=\"elementor-column elementor-col-100 elementor-top-column elementor-element elementor-element-7931789\" data-id=\"7931789\" data-element_type=\"column\">\n\t\t\t<div class=\"elementor-widget-wrap elementor-element-populated\">\n\t\t\t\t\t\t<section class=\"elementor-section elementor-inner-section elementor-element elementor-element-57bb7e4 elementor-section-boxed elementor-section-height-default elementor-section-height-default\" data-id=\"57bb7e4\" data-element_type=\"section\" data-settings=\"{&quot;wdt_bg_image&quot;:{&quot;url&quot;:&quot;&quot;,&quot;id&quot;:&quot;&quot;,&quot;size&quot;:&quot;&quot;},&quot;wdt_bg_image_widescreen&quot;:{&quot;url&quot;:&quot;&quot;,&quot;id&quot;:&quot;&quot;,&quot;size&quot;:&quot;&quot;},&quot;wdt_bg_image_laptop&quot;:{&quot;url&quot;:&quot;&quot;,&quot;id&quot;:&quot;&quot;,&quot;size&quot;:&quot;&quot;},&quot;wdt_bg_image_tablet_extra&quot;:{&quot;url&quot;:&quot;&quot;,&quot;id&quot;:&quot;&quot;,&quot;size&quot;:&quot;&quot;},&quot;wdt_bg_image_tablet&quot;:{&quot;url&quot;:&quot;&quot;,&quot;id&quot;:&quot;&quot;,&quot;size&quot;:&quot;&quot;},&quot;wdt_bg_image_mobile_extra&quot;:{&quot;url&quot;:&quot;&quot;,&quot;id&quot;:&quot;&quot;,&quot;size&quot;:&quot;&quot;},&quot;wdt_bg_image_mobile&quot;:{&quot;url&quot;:&quot;&quot;,&quot;id&quot;:&quot;&quot;,&quot;size&quot;:&quot;&quot;},&quot;wdt_bg_position&quot;:&quot;center center&quot;,&quot;wdt_animation_effect&quot;:&quot;none&quot;}\">\n\t\t\t\t\t\t<div class=\"elementor-container elementor-column-gap-no\">\n\t\t\t\t\t<div class=\"elementor-column elementor-col-33 elementor-inner-column elementor-element elementor-element-aa8f672\" data-id=\"aa8f672\" data-element_type=\"column\">\n\t\t\t<div class=\"elementor-widget-wrap elementor-element-populated\">\n\t\t\t\t\t\t<div class=\"elementor-element elementor-element-e81640e elementor-widget elementor-widget-sidebar\" data-id=\"e81640e\" data-element_type=\"widget\" data-settings=\"{&quot;wdt_animation_effect&quot;:&quot;none&quot;}\" data-widget_type=\"sidebar.default\">\n\t\t\t\t\t<aside id=\"nav_menu-3\" class=\"widget widget_nav_menu\"><h2 class=\"widgettitle\">Hakk\u0131m\u0131zda<\/h2><div class=\"menu-corporate-container\"><ul id=\"menu-corporate\" class=\"menu\"><li id=\"menu-item-2111\" class=\"menu-item menu-item-type-post_type menu-item-object-page menu-item-2111 menu-item-depth-0\"><a href=\"https:\/\/www.mictufting.com\/tr\/about-us\/\">Hakk\u0131m\u0131zda<\/a><\/li>\n<li id=\"menu-item-2129\" class=\"menu-item menu-item-type-post_type menu-item-object-page menu-item-2129 menu-item-depth-0\"><a href=\"https:\/\/www.mictufting.com\/tr\/our-mission-mision\/\">Misyon ve Vizyonumuz<\/a><\/li>\n<li id=\"menu-item-2135\" class=\"menu-item menu-item-type-post_type menu-item-object-page menu-item-2135 menu-item-depth-0\"><a href=\"https:\/\/www.mictufting.com\/tr\/degerlerimiz\/\">De\u011ferlerimiz<\/a><\/li>\n<li id=\"menu-item-2112\" class=\"menu-item menu-item-type-post_type menu-item-object-page menu-item-2112 menu-item-depth-0\"><a href=\"https:\/\/www.mictufting.com\/tr\/tarihcemiz\/\">Tarih\u00e7emiz<\/a><\/li>\n<\/ul><\/div><\/aside>\t\t\t\t<\/div>\n\t\t\t\t\t<\/div>\n\t\t<\/div>\n\t\t\t\t<div class=\"elementor-column elementor-col-66 elementor-inner-column elementor-element elementor-element-cf7028d\" data-id=\"cf7028d\" data-element_type=\"column\">\n\t\t\t<div class=\"elementor-widget-wrap elementor-element-populated\">\n\t\t\t\t\t\t<div class=\"elementor-element elementor-element-fd569f9 elementor-widget elementor-widget-image\" data-id=\"fd569f9\" data-element_type=\"widget\" data-settings=\"{&quot;wdt_animation_effect&quot;:&quot;none&quot;}\" data-widget_type=\"image.default\">\n\t\t\t\t\t\t\t\t\t\t\t\t\t\t\t<img fetchpriority=\"high\" decoding=\"async\" width=\"1920\" height=\"1080\" src=\"https:\/\/www.mictufting.com\/wp-content\/uploads\/2026\/01\/slidermic.webp\" class=\"attachment-full size-full wp-image-2213\" alt=\"\" srcset=\"https:\/\/www.mictufting.com\/wp-content\/uploads\/2026\/01\/slidermic.webp 1920w, https:\/\/www.mictufting.com\/wp-content\/uploads\/2026\/01\/slidermic-300x169.webp 300w, https:\/\/www.mictufting.com\/wp-content\/uploads\/2026\/01\/slidermic-1024x576.webp 1024w, https:\/\/www.mictufting.com\/wp-content\/uploads\/2026\/01\/slidermic-768x432.webp 768w, https:\/\/www.mictufting.com\/wp-content\/uploads\/2026\/01\/slidermic-1536x864.webp 1536w\" sizes=\"(max-width: 1920px) 100vw, 1920px\" \/>\t\t\t\t\t\t\t\t\t\t\t\t\t\t\t<\/div>\n\t\t\t\t<div class=\"elementor-element elementor-element-23e79ba elementor-widget elementor-widget-wdt-heading\" data-id=\"23e79ba\" data-element_type=\"widget\" data-settings=\"{&quot;wdt_animation_effect&quot;:&quot;none&quot;}\" data-widget_type=\"wdt-heading.default\">\n\t\t\t\t<div class=\"elementor-widget-container\">\n\t\t\t\t\t<div class=\"wdt-heading-holder\" id=\"wdt-heading-23e79ba\"><h3 class=\"wdt-heading-title-wrapper wdt-heading-align-default-align wdt-heading-deco-wrapper\"><span class=\"wdt-heading-title\">Misyon<\/span><\/h3><div class=\"wdt-heading-content-wrapper\">Japon m\u00fchendislik m\u00fckemmelli\u011fini ve onlarca y\u0131ll\u0131k uzmanl\u0131\u011f\u0131m\u0131z\u0131; m\u00fc\u015fterilerimizin rekabet avantaj\u0131n\u0131 art\u0131ran yenilik\u00e7i \u00e7\u00f6z\u00fcmlere d\u00f6n\u00fc\u015ft\u00fcrmektir. \u0130\u015f ortaklar\u0131m\u0131z\u0131n hedeflerine ula\u015fmalar\u0131n\u0131 sa\u011flayan ve s\u00fcrd\u00fcr\u00fclebilir b\u00fcy\u00fcmelerini destekleyen; y\u00fcksek verimlilik, dayan\u0131kl\u0131l\u0131k ve g\u00fcvenilirlik sunan ileri teknoloji makineler geli\u015ftiriyoruz.<\/div><\/div>\t\t\t\t<\/div>\n\t\t\t\t<\/div>\n\t\t\t\t<div class=\"elementor-element elementor-element-cf08cea elementor-widget elementor-widget-wdt-heading\" data-id=\"cf08cea\" data-element_type=\"widget\" data-settings=\"{&quot;wdt_animation_effect&quot;:&quot;none&quot;}\" data-widget_type=\"wdt-heading.default\">\n\t\t\t\t<div class=\"elementor-widget-container\">\n\t\t\t\t\t<div class=\"wdt-heading-holder\" id=\"wdt-heading-cf08cea\"><h3 class=\"wdt-heading-title-wrapper wdt-heading-align-default-align wdt-heading-deco-wrapper\"><span class=\"wdt-heading-title\">Vizyon<\/span><\/h3><div class=\"wdt-heading-content-wrapper\">Japon hassasiyeti ve kalitesiyle tan\u0131nan, d\u00fcnyan\u0131n en \u00e7ok tercih edilen teknoloji \u00e7\u00f6z\u00fcm orta\u011f\u0131 olmak; m\u00fc\u015fteri ba\u015far\u0131s\u0131n\u0131 kendi ba\u015far\u0131 kriterimiz olarak kabul ederek, s\u00fcrekli inovasyon ve m\u00fckemmellik anlay\u0131\u015f\u0131m\u0131zla sekt\u00f6rdeki liderli\u011fimizi s\u00fcrd\u00fcrmektir.<\/div><\/div>\t\t\t\t<\/div>\n\t\t\t\t<\/div>\n\t\t\t\t\t<\/div>\n\t\t<\/div>\n\t\t\t\t\t<\/div>\n\t\t<\/section>\n\t\t\t\t\t<\/div>\n\t\t<\/div>\n\t\t\t\t\t<\/div>\n\t\t<\/section>\n\t\t\t\t<\/div>","protected":false},"excerpt":{"rendered":"<p>Mission To transform Japanese engineering excellence and decades of expertise into innovative solutions that enhance our customers&#8217; competitive advantage. We develop advanced technology machines that deliver high efficiency, durability, and reliability, enabling our partners to achieve their goals and supporting their sustainable growth. Vision To be the world&#8217;s preferred technology solution partner, recognized for Japanese [&hellip;]<\/p>","protected":false},"author":1,"featured_media":0,"parent":0,"menu_order":0,"comment_status":"closed","ping_status":"closed","template":"elementor_header_footer","meta":{"footnotes":""},"class_list":["post-2123","page","type-page","status-publish","hentry"],"_links":{"self":[{"href":"https:\/\/www.mictufting.com\/tr\/wp-json\/wp\/v2\/pages\/2123","targetHints":{"allow":["GET"]}}],"collection":[{"href":"https:\/\/www.mictufting.com\/tr\/wp-json\/wp\/v2\/pages"}],"about":[{"href":"https:\/\/www.mictufting.com\/tr\/wp-json\/wp\/v2\/types\/page"}],"author":[{"embeddable":true,"href":"https:\/\/www.mictufting.com\/tr\/wp-json\/wp\/v2\/users\/1"}],"replies":[{"embeddable":true,"href":"https:\/\/www.mictufting.com\/tr\/wp-json\/wp\/v2\/comments?post=2123"}],"version-history":[{"count":7,"href":"https:\/\/www.mictufting.com\/tr\/wp-json\/wp\/v2\/pages\/2123\/revisions"}],"predecessor-version":[{"id":2266,"href":"https:\/\/www.mictufting.com\/tr\/wp-json\/wp\/v2\/pages\/2123\/revisions\/2266"}],"wp:attachment":[{"href":"https:\/\/www.mictufting.com\/tr\/wp-json\/wp\/v2\/media?parent=2123"}],"curies":[{"name":"wp","href":"https:\/\/api.w.org\/{rel}","templated":true}]}}