{"id":2130,"date":"2026-01-23T17:57:19","date_gmt":"2026-01-23T17:57:19","guid":{"rendered":"https:\/\/www.mictufting.com\/?page_id=2130"},"modified":"2026-01-26T06:26:20","modified_gmt":"2026-01-26T06:26:20","slug":"our-core-values","status":"publish","type":"page","link":"https:\/\/www.mictufting.com\/tr\/degerlerimiz\/","title":{"rendered":"De\u011ferlerimiz"},"content":{"rendered":"<div data-elementor-type=\"wp-page\" data-elementor-id=\"2130\" class=\"elementor elementor-2130\">\n\t\t\t\t\t\t<section class=\"elementor-section elementor-top-section elementor-element elementor-element-088270f elementor-section-full_width elementor-section-height-default elementor-section-height-default\" data-id=\"088270f\" data-element_type=\"section\" data-settings=\"{&quot;wdt_bg_position_mobile&quot;:&quot;center center&quot;,&quot;wdt_bg_size_mobile&quot;:&quot;contain&quot;,&quot;wdt_bg_image&quot;:{&quot;url&quot;:&quot;&quot;,&quot;id&quot;:&quot;&quot;,&quot;size&quot;:&quot;&quot;},&quot;wdt_bg_image_widescreen&quot;:{&quot;url&quot;:&quot;&quot;,&quot;id&quot;:&quot;&quot;,&quot;size&quot;:&quot;&quot;},&quot;wdt_bg_image_laptop&quot;:{&quot;url&quot;:&quot;&quot;,&quot;id&quot;:&quot;&quot;,&quot;size&quot;:&quot;&quot;},&quot;wdt_bg_image_tablet_extra&quot;:{&quot;url&quot;:&quot;&quot;,&quot;id&quot;:&quot;&quot;,&quot;size&quot;:&quot;&quot;},&quot;wdt_bg_image_tablet&quot;:{&quot;url&quot;:&quot;&quot;,&quot;id&quot;:&quot;&quot;,&quot;size&quot;:&quot;&quot;},&quot;wdt_bg_image_mobile_extra&quot;:{&quot;url&quot;:&quot;&quot;,&quot;id&quot;:&quot;&quot;,&quot;size&quot;:&quot;&quot;},&quot;wdt_bg_image_mobile&quot;:{&quot;url&quot;:&quot;&quot;,&quot;id&quot;:&quot;&quot;,&quot;size&quot;:&quot;&quot;},&quot;wdt_bg_position&quot;:&quot;center center&quot;,&quot;wdt_animation_effect&quot;:&quot;none&quot;}\">\n\t\t\t\t\t\t<div class=\"elementor-container elementor-column-gap-no\">\n\t\t\t\t\t<div class=\"elementor-column elementor-col-100 elementor-top-column elementor-element elementor-element-7931789\" data-id=\"7931789\" data-element_type=\"column\">\n\t\t\t<div class=\"elementor-widget-wrap elementor-element-populated\">\n\t\t\t\t\t\t<section class=\"elementor-section elementor-inner-section elementor-element elementor-element-57bb7e4 elementor-section-boxed elementor-section-height-default elementor-section-height-default\" data-id=\"57bb7e4\" data-element_type=\"section\" data-settings=\"{&quot;wdt_bg_image&quot;:{&quot;url&quot;:&quot;&quot;,&quot;id&quot;:&quot;&quot;,&quot;size&quot;:&quot;&quot;},&quot;wdt_bg_image_widescreen&quot;:{&quot;url&quot;:&quot;&quot;,&quot;id&quot;:&quot;&quot;,&quot;size&quot;:&quot;&quot;},&quot;wdt_bg_image_laptop&quot;:{&quot;url&quot;:&quot;&quot;,&quot;id&quot;:&quot;&quot;,&quot;size&quot;:&quot;&quot;},&quot;wdt_bg_image_tablet_extra&quot;:{&quot;url&quot;:&quot;&quot;,&quot;id&quot;:&quot;&quot;,&quot;size&quot;:&quot;&quot;},&quot;wdt_bg_image_tablet&quot;:{&quot;url&quot;:&quot;&quot;,&quot;id&quot;:&quot;&quot;,&quot;size&quot;:&quot;&quot;},&quot;wdt_bg_image_mobile_extra&quot;:{&quot;url&quot;:&quot;&quot;,&quot;id&quot;:&quot;&quot;,&quot;size&quot;:&quot;&quot;},&quot;wdt_bg_image_mobile&quot;:{&quot;url&quot;:&quot;&quot;,&quot;id&quot;:&quot;&quot;,&quot;size&quot;:&quot;&quot;},&quot;wdt_bg_position&quot;:&quot;center center&quot;,&quot;wdt_animation_effect&quot;:&quot;none&quot;}\">\n\t\t\t\t\t\t<div class=\"elementor-container elementor-column-gap-no\">\n\t\t\t\t\t<div class=\"elementor-column elementor-col-33 elementor-inner-column elementor-element elementor-element-aa8f672\" data-id=\"aa8f672\" data-element_type=\"column\">\n\t\t\t<div class=\"elementor-widget-wrap elementor-element-populated\">\n\t\t\t\t\t\t<div class=\"elementor-element elementor-element-e81640e elementor-widget elementor-widget-sidebar\" data-id=\"e81640e\" data-element_type=\"widget\" data-settings=\"{&quot;wdt_animation_effect&quot;:&quot;none&quot;}\" data-widget_type=\"sidebar.default\">\n\t\t\t\t\t<aside id=\"nav_menu-3\" class=\"widget widget_nav_menu\"><h2 class=\"widgettitle\">Hakk\u0131m\u0131zda<\/h2><div class=\"menu-corporate-container\"><ul id=\"menu-corporate\" class=\"menu\"><li id=\"menu-item-2111\" class=\"menu-item menu-item-type-post_type menu-item-object-page menu-item-2111 menu-item-depth-0\"><a href=\"https:\/\/www.mictufting.com\/tr\/about-us\/\">Hakk\u0131m\u0131zda<\/a><\/li>\n<li id=\"menu-item-2129\" class=\"menu-item menu-item-type-post_type menu-item-object-page menu-item-2129 menu-item-depth-0\"><a href=\"https:\/\/www.mictufting.com\/tr\/our-mission-mision\/\">Misyon ve Vizyonumuz<\/a><\/li>\n<li id=\"menu-item-2135\" class=\"menu-item menu-item-type-post_type menu-item-object-page menu-item-2135 menu-item-depth-0\"><a href=\"https:\/\/www.mictufting.com\/tr\/degerlerimiz\/\">De\u011ferlerimiz<\/a><\/li>\n<li id=\"menu-item-2112\" class=\"menu-item menu-item-type-post_type menu-item-object-page menu-item-2112 menu-item-depth-0\"><a href=\"https:\/\/www.mictufting.com\/tr\/tarihcemiz\/\">Tarih\u00e7emiz<\/a><\/li>\n<\/ul><\/div><\/aside>\t\t\t\t<\/div>\n\t\t\t\t\t<\/div>\n\t\t<\/div>\n\t\t\t\t<div class=\"elementor-column elementor-col-66 elementor-inner-column elementor-element elementor-element-cf7028d\" data-id=\"cf7028d\" data-element_type=\"column\">\n\t\t\t<div class=\"elementor-widget-wrap elementor-element-populated\">\n\t\t\t\t\t\t<div class=\"elementor-element elementor-element-fd569f9 elementor-widget elementor-widget-image\" data-id=\"fd569f9\" data-element_type=\"widget\" data-settings=\"{&quot;wdt_animation_effect&quot;:&quot;none&quot;}\" data-widget_type=\"image.default\">\n\t\t\t\t\t\t\t\t\t\t\t\t\t\t\t<img fetchpriority=\"high\" decoding=\"async\" width=\"1920\" height=\"1080\" src=\"https:\/\/www.mictufting.com\/wp-content\/uploads\/2026\/01\/slidermic.webp\" class=\"attachment-full size-full wp-image-2213\" alt=\"\" srcset=\"https:\/\/www.mictufting.com\/wp-content\/uploads\/2026\/01\/slidermic.webp 1920w, https:\/\/www.mictufting.com\/wp-content\/uploads\/2026\/01\/slidermic-300x169.webp 300w, https:\/\/www.mictufting.com\/wp-content\/uploads\/2026\/01\/slidermic-1024x576.webp 1024w, https:\/\/www.mictufting.com\/wp-content\/uploads\/2026\/01\/slidermic-768x432.webp 768w, https:\/\/www.mictufting.com\/wp-content\/uploads\/2026\/01\/slidermic-1536x864.webp 1536w\" sizes=\"(max-width: 1920px) 100vw, 1920px\" \/>\t\t\t\t\t\t\t\t\t\t\t\t\t\t\t<\/div>\n\t\t\t\t<div class=\"elementor-element elementor-element-23e79ba elementor-widget elementor-widget-wdt-heading\" data-id=\"23e79ba\" data-element_type=\"widget\" data-settings=\"{&quot;wdt_animation_effect&quot;:&quot;none&quot;}\" data-widget_type=\"wdt-heading.default\">\n\t\t\t\t<div class=\"elementor-widget-container\">\n\t\t\t\t\t<div class=\"wdt-heading-holder\" id=\"wdt-heading-23e79ba\"><h2 class=\"wdt-heading-title-wrapper wdt-heading-align-default-align wdt-heading-deco-wrapper\"><span class=\"wdt-heading-title\">De\u011ferlerimiz<\/span><\/h2><\/div>\t\t\t\t<\/div>\n\t\t\t\t<\/div>\n\t\t\t\t<div class=\"elementor-element elementor-element-c094329 elementor-widget elementor-widget-wdt-heading\" data-id=\"c094329\" data-element_type=\"widget\" data-settings=\"{&quot;wdt_animation_effect&quot;:&quot;none&quot;}\" data-widget_type=\"wdt-heading.default\">\n\t\t\t\t<div class=\"elementor-widget-container\">\n\t\t\t\t\t<div class=\"wdt-heading-holder\" id=\"wdt-heading-c094329\"><h3 class=\"wdt-heading-title-wrapper wdt-heading-align-default-align wdt-heading-deco-wrapper\"><span class=\"wdt-heading-title\">Zanaatkarl\u0131kta M\u00fckemmellik<\/span><\/h3><div class=\"wdt-heading-content-wrapper\">Hassasiyet, detaylara g\u00f6sterilen \u00f6zen ve kalitenin tart\u0131\u015f\u0131lamaz oldu\u011fu Japon \u00fcretim gelene\u011finin en y\u00fcksek standartlar\u0131n\u0131 s\u00fcrd\u00fcr\u00fcyoruz. \u0130n\u015fa etti\u011fimiz her makine, onlarca y\u0131ll\u0131k rafine uzmanl\u0131\u011f\u0131m\u0131z\u0131 ve \u00fcst\u00fcn performansa olan sars\u0131lmaz ba\u011fl\u0131l\u0131\u011f\u0131m\u0131z\u0131 yans\u0131t\u0131r.<\/div><\/div>\t\t\t\t<\/div>\n\t\t\t\t<\/div>\n\t\t\t\t<div class=\"elementor-element elementor-element-881dfa1 elementor-widget elementor-widget-wdt-heading\" data-id=\"881dfa1\" data-element_type=\"widget\" data-settings=\"{&quot;wdt_animation_effect&quot;:&quot;none&quot;}\" data-widget_type=\"wdt-heading.default\">\n\t\t\t\t<div class=\"elementor-widget-container\">\n\t\t\t\t\t<div class=\"wdt-heading-holder\" id=\"wdt-heading-881dfa1\"><h3 class=\"wdt-heading-title-wrapper wdt-heading-align-default-align wdt-heading-deco-wrapper\"><span class=\"wdt-heading-title\">Durmaks\u0131z\u0131n \u0130novasyon<\/span><\/h3><div class=\"wdt-heading-content-wrapper\">Geli\u015fmi\u015f \u00e7\u00f6z\u00fcmler yaratmak i\u00e7in teknolojinin s\u0131n\u0131rlar\u0131n\u0131 zorlayarak ara\u015ft\u0131rma ve geli\u015ftirmeye s\u00fcrekli yat\u0131r\u0131m yap\u0131yoruz. \u0130novasyon sadece yapt\u0131\u011f\u0131m\u0131z bir i\u015f de\u011fil; sizin de\u011fi\u015fen zorluklar\u0131n\u0131za verdi\u011fimiz yan\u0131t ve sekt\u00f6r taleplerinin \u00f6n\u00fcnde kalma y\u00f6ntemimizdir.<\/div><\/div>\t\t\t\t<\/div>\n\t\t\t\t<\/div>\n\t\t\t\t<div class=\"elementor-element elementor-element-f0259b5 elementor-widget elementor-widget-wdt-heading\" data-id=\"f0259b5\" data-element_type=\"widget\" data-settings=\"{&quot;wdt_animation_effect&quot;:&quot;none&quot;}\" data-widget_type=\"wdt-heading.default\">\n\t\t\t\t<div class=\"elementor-widget-container\">\n\t\t\t\t\t<div class=\"wdt-heading-holder\" id=\"wdt-heading-f0259b5\"><h3 class=\"wdt-heading-title-wrapper wdt-heading-align-default-align wdt-heading-deco-wrapper\"><span class=\"wdt-heading-title\">M\u00fc\u015fteri Odakl\u0131 \u0130lerleme<\/span><\/h3><div class=\"wdt-heading-content-wrapper\">Hedefleriniz yol haritam\u0131za ilham veriyor. Kar\u015f\u0131la\u015ft\u0131\u011f\u0131n\u0131z zorluklar yarat\u0131c\u0131l\u0131\u011f\u0131m\u0131z\u0131 besliyor. Ba\u015far\u0131n\u0131z, bizim ba\u015far\u0131 tan\u0131m\u0131m\u0131z\u0131 olu\u015fturuyor. Sizi dinliyor, uyum sa\u011fl\u0131yor ve rekabet\u00e7i pazarlarda \u00f6ne \u00e7\u0131kman\u0131za ve geli\u015fmenize yard\u0131mc\u0131 olacak \u00f6zel \u00e7\u00f6z\u00fcmler tasarl\u0131yoruz.<\/div><\/div>\t\t\t\t<\/div>\n\t\t\t\t<\/div>\n\t\t\t\t<div class=\"elementor-element elementor-element-6c4c664 elementor-widget elementor-widget-wdt-heading\" data-id=\"6c4c664\" data-element_type=\"widget\" data-settings=\"{&quot;wdt_animation_effect&quot;:&quot;none&quot;}\" data-widget_type=\"wdt-heading.default\">\n\t\t\t\t<div class=\"elementor-widget-container\">\n\t\t\t\t\t<div class=\"wdt-heading-holder\" id=\"wdt-heading-6c4c664\"><h3 class=\"wdt-heading-title-wrapper wdt-heading-align-default-align wdt-heading-deco-wrapper\"><span class=\"wdt-heading-title\">Tavizsiz G\u00fcvenilirlik<\/span><\/h3><div class=\"wdt-heading-content-wrapper\">Uzun vadeli performans i\u00e7in m\u00fchendislik yap\u0131yoruz. Makinelerimiz, duru\u015f s\u00fcrelerini en aza indirmek ve verimlili\u011fi en \u00fcst d\u00fczeye \u00e7\u0131karmak i\u00e7in her g\u00fcn tutarl\u0131 ve g\u00fcvenilir performans sunacak \u015fekilde \u00fcretilmi\u015ftir; b\u00f6ylece b\u00fcy\u00fcmeye tam bir g\u00fcvenle odaklanabilirsiniz.<\/div><\/div>\t\t\t\t<\/div>\n\t\t\t\t<\/div>\n\t\t\t\t<div class=\"elementor-element elementor-element-cc04e34 elementor-widget elementor-widget-wdt-heading\" data-id=\"cc04e34\" data-element_type=\"widget\" data-settings=\"{&quot;wdt_animation_effect&quot;:&quot;none&quot;}\" data-widget_type=\"wdt-heading.default\">\n\t\t\t\t<div class=\"elementor-widget-container\">\n\t\t\t\t\t<div class=\"wdt-heading-holder\" id=\"wdt-heading-cc04e34\"><h3 class=\"wdt-heading-title-wrapper wdt-heading-align-default-align wdt-heading-deco-wrapper\"><span class=\"wdt-heading-title\">\u0130\u015f Ortakl\u0131\u011f\u0131 ve D\u00fcr\u00fcstl\u00fck<\/span><\/h3><div class=\"wdt-heading-content-wrapper\">G\u00fcven, \u015feffafl\u0131k ve kar\u015f\u0131l\u0131kl\u0131 ba\u015far\u0131ya dayal\u0131 kal\u0131c\u0131 ili\u015fkiler kurmaya inan\u0131yoruz. Bizimle i\u015f ortakl\u0131\u011f\u0131 yapt\u0131\u011f\u0131n\u0131zda, bir tedarik\u00e7iden daha fazlas\u0131n\u0131 kazan\u0131rs\u0131n\u0131z; s\u00fcrekli refah\u0131n\u0131za yat\u0131r\u0131m yapan kararl\u0131 bir m\u00fcttefik edinirsiniz.<\/div><\/div>\t\t\t\t<\/div>\n\t\t\t\t<\/div>\n\t\t\t\t<div class=\"elementor-element elementor-element-1472120 elementor-widget elementor-widget-wdt-heading\" data-id=\"1472120\" data-element_type=\"widget\" data-settings=\"{&quot;wdt_animation_effect&quot;:&quot;none&quot;}\" data-widget_type=\"wdt-heading.default\">\n\t\t\t\t<div class=\"elementor-widget-container\">\n\t\t\t\t\t<div class=\"wdt-heading-holder\" id=\"wdt-heading-1472120\"><h3 class=\"wdt-heading-title-wrapper wdt-heading-align-default-align wdt-heading-deco-wrapper\"><span class=\"wdt-heading-title\">S\u00fcrd\u00fcr\u00fclebilir Sorumluluk<\/span><\/h3><div class=\"wdt-heading-content-wrapper\">Sadece operasyonlar\u0131n\u0131z\u0131 geli\u015ftirmekle kalmayan, ayn\u0131 zamanda d\u00fcnya \u00e7ap\u0131nda \u00fcretimin s\u00fcrd\u00fcr\u00fclebilir gelece\u011fine katk\u0131da bulunan verimli ve \u00e7evre dostu teknolojiler geli\u015ftirmeye kararl\u0131y\u0131z.<\/div><\/div>\t\t\t\t<\/div>\n\t\t\t\t<\/div>\n\t\t\t\t\t<\/div>\n\t\t<\/div>\n\t\t\t\t\t<\/div>\n\t\t<\/section>\n\t\t\t\t\t<\/div>\n\t\t<\/div>\n\t\t\t\t\t<\/div>\n\t\t<\/section>\n\t\t\t\t<\/div>","protected":false},"excerpt":{"rendered":"<p>Our Core Values Excellence in Craftsmanship We uphold the highest standards of Japanese manufacturing tradition, where precision, attention to detail, and quality are non-negotiable. Every machine we build reflects decades of refined expertise and an unwavering commitment to superior performance. Relentless Innovation We invest continuously in research and development, pushing the boundaries of technology to [&hellip;]<\/p>","protected":false},"author":1,"featured_media":0,"parent":0,"menu_order":0,"comment_status":"closed","ping_status":"closed","template":"elementor_header_footer","meta":{"footnotes":""},"class_list":["post-2130","page","type-page","status-publish","hentry"],"_links":{"self":[{"href":"https:\/\/www.mictufting.com\/tr\/wp-json\/wp\/v2\/pages\/2130","targetHints":{"allow":["GET"]}}],"collection":[{"href":"https:\/\/www.mictufting.com\/tr\/wp-json\/wp\/v2\/pages"}],"about":[{"href":"https:\/\/www.mictufting.com\/tr\/wp-json\/wp\/v2\/types\/page"}],"author":[{"embeddable":true,"href":"https:\/\/www.mictufting.com\/tr\/wp-json\/wp\/v2\/users\/1"}],"replies":[{"embeddable":true,"href":"https:\/\/www.mictufting.com\/tr\/wp-json\/wp\/v2\/comments?post=2130"}],"version-history":[{"count":7,"href":"https:\/\/www.mictufting.com\/tr\/wp-json\/wp\/v2\/pages\/2130\/revisions"}],"predecessor-version":[{"id":2269,"href":"https:\/\/www.mictufting.com\/tr\/wp-json\/wp\/v2\/pages\/2130\/revisions\/2269"}],"wp:attachment":[{"href":"https:\/\/www.mictufting.com\/tr\/wp-json\/wp\/v2\/media?parent=2130"}],"curies":[{"name":"wp","href":"https:\/\/api.w.org\/{rel}","templated":true}]}}