{"id":317,"date":"2023-04-07T11:21:57","date_gmt":"2023-04-07T11:21:57","guid":{"rendered":"https:\/\/mictufting.com\/?page_id=317"},"modified":"2026-01-26T06:25:24","modified_gmt":"2026-01-26T06:25:24","slug":"about-us","status":"publish","type":"page","link":"https:\/\/www.mictufting.com\/tr\/about-us\/","title":{"rendered":"Hakk\u0131m\u0131zda"},"content":{"rendered":"<div data-elementor-type=\"wp-page\" data-elementor-id=\"317\" class=\"elementor elementor-317\">\n\t\t\t\t\t\t<section class=\"elementor-section elementor-top-section elementor-element elementor-element-088270f elementor-section-full_width elementor-section-height-default elementor-section-height-default\" data-id=\"088270f\" data-element_type=\"section\" data-settings=\"{&quot;wdt_bg_position_mobile&quot;:&quot;center center&quot;,&quot;wdt_bg_size_mobile&quot;:&quot;contain&quot;,&quot;wdt_bg_image&quot;:{&quot;url&quot;:&quot;&quot;,&quot;id&quot;:&quot;&quot;,&quot;size&quot;:&quot;&quot;},&quot;wdt_bg_image_widescreen&quot;:{&quot;url&quot;:&quot;&quot;,&quot;id&quot;:&quot;&quot;,&quot;size&quot;:&quot;&quot;},&quot;wdt_bg_image_laptop&quot;:{&quot;url&quot;:&quot;&quot;,&quot;id&quot;:&quot;&quot;,&quot;size&quot;:&quot;&quot;},&quot;wdt_bg_image_tablet_extra&quot;:{&quot;url&quot;:&quot;&quot;,&quot;id&quot;:&quot;&quot;,&quot;size&quot;:&quot;&quot;},&quot;wdt_bg_image_tablet&quot;:{&quot;url&quot;:&quot;&quot;,&quot;id&quot;:&quot;&quot;,&quot;size&quot;:&quot;&quot;},&quot;wdt_bg_image_mobile_extra&quot;:{&quot;url&quot;:&quot;&quot;,&quot;id&quot;:&quot;&quot;,&quot;size&quot;:&quot;&quot;},&quot;wdt_bg_image_mobile&quot;:{&quot;url&quot;:&quot;&quot;,&quot;id&quot;:&quot;&quot;,&quot;size&quot;:&quot;&quot;},&quot;wdt_bg_position&quot;:&quot;center center&quot;,&quot;wdt_animation_effect&quot;:&quot;none&quot;}\">\n\t\t\t\t\t\t<div class=\"elementor-container elementor-column-gap-no\">\n\t\t\t\t\t<div class=\"elementor-column elementor-col-100 elementor-top-column elementor-element elementor-element-7931789\" data-id=\"7931789\" data-element_type=\"column\">\n\t\t\t<div class=\"elementor-widget-wrap elementor-element-populated\">\n\t\t\t\t\t\t<section class=\"elementor-section elementor-inner-section elementor-element elementor-element-57bb7e4 elementor-section-boxed elementor-section-height-default elementor-section-height-default\" data-id=\"57bb7e4\" data-element_type=\"section\" data-settings=\"{&quot;wdt_bg_image&quot;:{&quot;url&quot;:&quot;&quot;,&quot;id&quot;:&quot;&quot;,&quot;size&quot;:&quot;&quot;},&quot;wdt_bg_image_widescreen&quot;:{&quot;url&quot;:&quot;&quot;,&quot;id&quot;:&quot;&quot;,&quot;size&quot;:&quot;&quot;},&quot;wdt_bg_image_laptop&quot;:{&quot;url&quot;:&quot;&quot;,&quot;id&quot;:&quot;&quot;,&quot;size&quot;:&quot;&quot;},&quot;wdt_bg_image_tablet_extra&quot;:{&quot;url&quot;:&quot;&quot;,&quot;id&quot;:&quot;&quot;,&quot;size&quot;:&quot;&quot;},&quot;wdt_bg_image_tablet&quot;:{&quot;url&quot;:&quot;&quot;,&quot;id&quot;:&quot;&quot;,&quot;size&quot;:&quot;&quot;},&quot;wdt_bg_image_mobile_extra&quot;:{&quot;url&quot;:&quot;&quot;,&quot;id&quot;:&quot;&quot;,&quot;size&quot;:&quot;&quot;},&quot;wdt_bg_image_mobile&quot;:{&quot;url&quot;:&quot;&quot;,&quot;id&quot;:&quot;&quot;,&quot;size&quot;:&quot;&quot;},&quot;wdt_bg_position&quot;:&quot;center center&quot;,&quot;wdt_animation_effect&quot;:&quot;none&quot;}\">\n\t\t\t\t\t\t<div class=\"elementor-container elementor-column-gap-no\">\n\t\t\t\t\t<div class=\"elementor-column elementor-col-33 elementor-inner-column elementor-element elementor-element-aa8f672\" data-id=\"aa8f672\" data-element_type=\"column\">\n\t\t\t<div class=\"elementor-widget-wrap elementor-element-populated\">\n\t\t\t\t\t\t<div class=\"elementor-element elementor-element-e81640e elementor-widget elementor-widget-sidebar\" data-id=\"e81640e\" data-element_type=\"widget\" data-settings=\"{&quot;wdt_animation_effect&quot;:&quot;none&quot;}\" data-widget_type=\"sidebar.default\">\n\t\t\t\t\t<aside id=\"nav_menu-3\" class=\"widget widget_nav_menu\"><h2 class=\"widgettitle\">Hakk\u0131m\u0131zda<\/h2><div class=\"menu-corporate-container\"><ul id=\"menu-corporate\" class=\"menu\"><li id=\"menu-item-2111\" class=\"menu-item menu-item-type-post_type menu-item-object-page menu-item-2111 menu-item-depth-0\"><a href=\"https:\/\/www.mictufting.com\/tr\/about-us\/\">Hakk\u0131m\u0131zda<\/a><\/li>\n<li id=\"menu-item-2129\" class=\"menu-item menu-item-type-post_type menu-item-object-page menu-item-2129 menu-item-depth-0\"><a href=\"https:\/\/www.mictufting.com\/tr\/our-mission-mision\/\">Misyon ve Vizyonumuz<\/a><\/li>\n<li id=\"menu-item-2135\" class=\"menu-item menu-item-type-post_type menu-item-object-page menu-item-2135 menu-item-depth-0\"><a href=\"https:\/\/www.mictufting.com\/tr\/degerlerimiz\/\">De\u011ferlerimiz<\/a><\/li>\n<li id=\"menu-item-2112\" class=\"menu-item menu-item-type-post_type menu-item-object-page menu-item-2112 menu-item-depth-0\"><a href=\"https:\/\/www.mictufting.com\/tr\/tarihcemiz\/\">Tarih\u00e7emiz<\/a><\/li>\n<\/ul><\/div><\/aside>\t\t\t\t<\/div>\n\t\t\t\t\t<\/div>\n\t\t<\/div>\n\t\t\t\t<div class=\"elementor-column elementor-col-66 elementor-inner-column elementor-element elementor-element-cf7028d\" data-id=\"cf7028d\" data-element_type=\"column\">\n\t\t\t<div class=\"elementor-widget-wrap elementor-element-populated\">\n\t\t\t\t\t\t<div class=\"elementor-element elementor-element-fd569f9 elementor-widget elementor-widget-image\" data-id=\"fd569f9\" data-element_type=\"widget\" data-settings=\"{&quot;wdt_animation_effect&quot;:&quot;none&quot;}\" data-widget_type=\"image.default\">\n\t\t\t\t\t\t\t\t\t\t\t\t\t\t\t<img fetchpriority=\"high\" decoding=\"async\" width=\"1920\" height=\"1080\" src=\"https:\/\/www.mictufting.com\/wp-content\/uploads\/2026\/01\/slidermic.webp\" class=\"attachment-full size-full wp-image-2213\" alt=\"\" srcset=\"https:\/\/www.mictufting.com\/wp-content\/uploads\/2026\/01\/slidermic.webp 1920w, https:\/\/www.mictufting.com\/wp-content\/uploads\/2026\/01\/slidermic-300x169.webp 300w, https:\/\/www.mictufting.com\/wp-content\/uploads\/2026\/01\/slidermic-1024x576.webp 1024w, https:\/\/www.mictufting.com\/wp-content\/uploads\/2026\/01\/slidermic-768x432.webp 768w, https:\/\/www.mictufting.com\/wp-content\/uploads\/2026\/01\/slidermic-1536x864.webp 1536w\" sizes=\"(max-width: 1920px) 100vw, 1920px\" \/>\t\t\t\t\t\t\t\t\t\t\t\t\t\t\t<\/div>\n\t\t\t\t<div class=\"elementor-element elementor-element-23e79ba elementor-widget elementor-widget-wdt-heading\" data-id=\"23e79ba\" data-element_type=\"widget\" data-settings=\"{&quot;wdt_animation_effect&quot;:&quot;none&quot;}\" data-widget_type=\"wdt-heading.default\">\n\t\t\t\t<div class=\"elementor-widget-container\">\n\t\t\t\t\t<div class=\"wdt-heading-holder\" id=\"wdt-heading-23e79ba\"><h3 class=\"wdt-heading-title-wrapper wdt-heading-align-default-align wdt-heading-deco-wrapper\"><span class=\"wdt-heading-title\">Hakk\u0131m\u0131zda<\/span><\/h3><div class=\"wdt-heading-content-wrapper\">Makinelerimiz; onlarca y\u0131ll\u0131k zanaatkarl\u0131k, rafine m\u00fchendislik ve performansa y\u00f6nelik tavizsiz bir odaklanma \u00fczerine in\u015fa edilmi\u015ftir. Daha y\u00fcksek verimlilik, daha \u00fcst\u00fcn dayan\u0131kl\u0131l\u0131k ve daha sorunsuz, daha g\u00fcvenilir operasyonlar sunan geli\u015fmi\u015f teknolojiler geli\u015ftirmek i\u00e7in inovasyona durmaks\u0131z\u0131n yat\u0131r\u0131m yap\u0131yoruz.\n\nSundu\u011fumuz her \u00e7\u00f6z\u00fcm; rakiplerinizin \u00f6n\u00fcne ge\u00e7menize, pazarda rekabet\u00e7i kalman\u0131za ve daha da g\u00fc\u00e7lenerek b\u00fcy\u00fcmenize yard\u0131mc\u0131 olmak i\u00e7in tasarlanm\u0131\u015ft\u0131r. Sizin hedefleriniz, bizim ilerlememizin itici g\u00fcc\u00fcd\u00fcr. Kar\u015f\u0131la\u015ft\u0131\u011f\u0131n\u0131z zorluklar, inovasyonlar\u0131m\u0131za y\u00f6n verir. Ba\u015far\u0131n\u0131z ise bizim en temel \u00f6l\u00e7\u00fct\u00fcm\u00fczd\u00fcr.\n\nBizimle i\u015f ortakl\u0131\u011f\u0131 kurun; kan\u0131tlanm\u0131\u015f Japon hassasiyeti ve kalitesiyle \u00fcretim standartlar\u0131n\u0131z\u0131 en \u00fcst seviyeye ta\u015f\u0131y\u0131n.<\/div><\/div>\t\t\t\t<\/div>\n\t\t\t\t<\/div>\n\t\t\t\t\t<\/div>\n\t\t<\/div>\n\t\t\t\t\t<\/div>\n\t\t<\/section>\n\t\t\t\t\t<\/div>\n\t\t<\/div>\n\t\t\t\t\t<\/div>\n\t\t<\/section>\n\t\t\t\t<\/div>","protected":false},"excerpt":{"rendered":"<p>About Us Experience the confidence that comes with true Made-in-Japan excellence. Our machines are built on decades of craftsmanship, refined engineering, and an uncompromising focus on performance. We invest relentlessly in innovation, developing advanced technologies that deliver higher efficiency, greater durability, and smoother, more reliable operation. Every solution we create is designed to help you [&hellip;]<\/p>","protected":false},"author":1,"featured_media":0,"parent":0,"menu_order":0,"comment_status":"closed","ping_status":"closed","template":"elementor_header_footer","meta":{"footnotes":""},"class_list":["post-317","page","type-page","status-publish","hentry"],"_links":{"self":[{"href":"https:\/\/www.mictufting.com\/tr\/wp-json\/wp\/v2\/pages\/317","targetHints":{"allow":["GET"]}}],"collection":[{"href":"https:\/\/www.mictufting.com\/tr\/wp-json\/wp\/v2\/pages"}],"about":[{"href":"https:\/\/www.mictufting.com\/tr\/wp-json\/wp\/v2\/types\/page"}],"author":[{"embeddable":true,"href":"https:\/\/www.mictufting.com\/tr\/wp-json\/wp\/v2\/users\/1"}],"replies":[{"embeddable":true,"href":"https:\/\/www.mictufting.com\/tr\/wp-json\/wp\/v2\/comments?post=317"}],"version-history":[{"count":15,"href":"https:\/\/www.mictufting.com\/tr\/wp-json\/wp\/v2\/pages\/317\/revisions"}],"predecessor-version":[{"id":2263,"href":"https:\/\/www.mictufting.com\/tr\/wp-json\/wp\/v2\/pages\/317\/revisions\/2263"}],"wp:attachment":[{"href":"https:\/\/www.mictufting.com\/tr\/wp-json\/wp\/v2\/media?parent=317"}],"curies":[{"name":"wp","href":"https:\/\/api.w.org\/{rel}","templated":true}]}}