{"id":66,"date":"2023-04-07T03:43:41","date_gmt":"2023-04-07T03:43:41","guid":{"rendered":"https:\/\/mictufting.com\/?page_id=66"},"modified":"2026-01-26T09:19:23","modified_gmt":"2026-01-26T09:19:23","slug":"blog","status":"publish","type":"page","link":"https:\/\/www.mictufting.com\/tr\/blog\/","title":{"rendered":"Blog"},"content":{"rendered":"<div data-elementor-type=\"wp-page\" data-elementor-id=\"66\" class=\"elementor elementor-66\">\n\t\t\t\t\t\t<section class=\"elementor-section elementor-top-section elementor-element elementor-element-4489cb5 elementor-section-boxed elementor-section-height-default elementor-section-height-default\" data-id=\"4489cb5\" data-element_type=\"section\" data-settings=\"{&quot;wdt_bg_image&quot;:{&quot;url&quot;:&quot;&quot;,&quot;id&quot;:&quot;&quot;,&quot;size&quot;:&quot;&quot;},&quot;wdt_bg_image_widescreen&quot;:{&quot;url&quot;:&quot;&quot;,&quot;id&quot;:&quot;&quot;,&quot;size&quot;:&quot;&quot;},&quot;wdt_bg_image_laptop&quot;:{&quot;url&quot;:&quot;&quot;,&quot;id&quot;:&quot;&quot;,&quot;size&quot;:&quot;&quot;},&quot;wdt_bg_image_tablet_extra&quot;:{&quot;url&quot;:&quot;&quot;,&quot;id&quot;:&quot;&quot;,&quot;size&quot;:&quot;&quot;},&quot;wdt_bg_image_tablet&quot;:{&quot;url&quot;:&quot;&quot;,&quot;id&quot;:&quot;&quot;,&quot;size&quot;:&quot;&quot;},&quot;wdt_bg_image_mobile_extra&quot;:{&quot;url&quot;:&quot;&quot;,&quot;id&quot;:&quot;&quot;,&quot;size&quot;:&quot;&quot;},&quot;wdt_bg_image_mobile&quot;:{&quot;url&quot;:&quot;&quot;,&quot;id&quot;:&quot;&quot;,&quot;size&quot;:&quot;&quot;},&quot;wdt_bg_position&quot;:&quot;center center&quot;,&quot;wdt_animation_effect&quot;:&quot;none&quot;}\">\n\t\t\t\t\t\t<div class=\"elementor-container elementor-column-gap-default\">\n\t\t\t\t\t<div class=\"elementor-column elementor-col-100 elementor-top-column elementor-element elementor-element-4c9d99f\" data-id=\"4c9d99f\" data-element_type=\"column\">\n\t\t\t<div class=\"elementor-widget-wrap elementor-element-populated\">\n\t\t\t\t\t\t<div class=\"elementor-element elementor-element-3ad704a elementor-widget elementor-widget-wdt-blog-posts\" data-id=\"3ad704a\" data-element_type=\"widget\" data-settings=\"{&quot;wdt_animation_effect&quot;:&quot;none&quot;}\" data-widget_type=\"wdt-blog-posts.default\">\n\t\t\t\t<div class=\"elementor-widget-container\">\n\t\t\t\t\t<div class=\"wdt-posts-list-wrapper\" ><div class='tpl-blog-holder  apply-equal-height'><div class='grid-sizer  entry-grid-layout wdt-classic-style wdt-default-hover wdt-default-overlay alignnone column wdt-one-third wdt-post-entry'><\/div><div class=\"entry-grid-layout wdt-classic-style wdt-default-hover wdt-default-overlay alignnone column wdt-one-third wdt-post-entry\"><article id=\"post-1101\" class=\"post-1101 post type-post status-publish format-standard has-post-thumbnail hentry category-blog blog-entry\">\r\n\r\n\r\n\t<!-- Featured Image -->\r\n\t<div class=\"entry-thumb\">\r\n\t\t\r\n<a href=\"https:\/\/www.mictufting.com\/tr\/how-advanced-technology-meets-timeless-quality-standards\/\" title=\"Permalink to Innovation Without Compromise: How Advanced Technology Meets Timeless Quality Standards\"><img fetchpriority=\"high\" decoding=\"async\" width=\"1600\" height=\"1199\" src=\"https:\/\/www.mictufting.com\/wp-content\/uploads\/2026\/01\/I.C.Y-Cut-Loop.jpeg\" class=\"attachment-wdt-blog-iii-column size-wdt-blog-iii-column wp-post-image\" alt=\"\" srcset=\"https:\/\/www.mictufting.com\/wp-content\/uploads\/2026\/01\/I.C.Y-Cut-Loop.jpeg 1600w, https:\/\/www.mictufting.com\/wp-content\/uploads\/2026\/01\/I.C.Y-Cut-Loop-300x225.jpeg 300w, https:\/\/www.mictufting.com\/wp-content\/uploads\/2026\/01\/I.C.Y-Cut-Loop-1024x767.jpeg 1024w, https:\/\/www.mictufting.com\/wp-content\/uploads\/2026\/01\/I.C.Y-Cut-Loop-768x576.jpeg 768w, https:\/\/www.mictufting.com\/wp-content\/uploads\/2026\/01\/I.C.Y-Cut-Loop-1536x1151.jpeg 1536w\" sizes=\"(max-width: 1600px) 100vw, 1600px\" \/><\/a>\r\n        \t<\/div><!-- Featured Image -->\r\n<!-- Entry Title -->\r\n<div class=\"entry-title\">\r\n\t<h4>    \t<a href=\"https:\/\/www.mictufting.com\/tr\/how-advanced-technology-meets-timeless-quality-standards\/\" title=\"Permalink to Innovation Without Compromise: How Advanced Technology Meets Timeless Quality Standards\">\u00d6d\u00fcn Vermeden Yenilik: \u0130leri Teknoloji Zamans\u0131z Kalite Standartlar\u0131n\u0131 Nas\u0131l Kar\u015f\u0131lar?<\/a>\r\n\t<\/h4>\r\n<\/div><!-- Entry Title -->\r\n\t<div class=\"entry-body\"><p>\u00dcretim teknolojisi d\u00fcnyas\u0131 ba\u015f d\u00f6nd\u00fcr\u00fcc\u00fc bir h\u0131zla geli\u015fiyor. IoT entegrasyonu, yapay zeka destekli optimizasyon, bulut ba\u011flant\u0131s\u0131 \u2013 yeni yetenekler s\u00fcrekli olarak ortaya \u00e7\u0131k\u0131yor. Ancak bu teknolojik devrimde...<\/p><\/div>\r\n\r\n<!-- Entry Button --><div class=\"entry-button wdt-core-button\"><a href=\"https:\/\/www.mictufting.com\/tr\/how-advanced-technology-meets-timeless-quality-standards\/\" title=\"\u00d6d\u00fcn Vermeden Yenilik: \u0130leri Teknoloji Zamans\u0131z Kalite Standartlar\u0131n\u0131 Nas\u0131l Kar\u015f\u0131lar?\" class=\"wdt-button\">daha fazla oku<span>\r\n\t\t\t<svg xmlns=\"http:\/\/www.w3.org\/2000\/svg\" width=\"21.98\" height=\"21.979\" viewbox=\"0 0 21.98 21.979\">\r\n\t\t\t<path data-name=\"Path 178154\" d=\"M11.836,0,10.695,1.141,14.83,5.276H-1V6.89H14.83l-4.135,4.135,1.141,1.141,6.083-6.083Z\" transform=\"translate(0.707 12.67) rotate(-45)\" fill=\"currentcolor\"\/>\r\n\t\t  \t<\/svg>\r\n\t\t  \t<\/span><\/a><\/div><!-- Entry Button --><\/article><\/div><\/div><div class=\"pagination blog-pagination\"><div class=\"newer-posts\"><\/div><div class=\"older-posts\"><\/div><\/div><\/div>\t\t\t\t<\/div>\n\t\t\t\t<\/div>\n\t\t\t\t\t<\/div>\n\t\t<\/div>\n\t\t\t\t\t<\/div>\n\t\t<\/section>\n\t\t\t\t<\/div>","protected":false},"excerpt":{"rendered":"<p>Innovation Without Compromise: How Advanced Technology Meets Timeless Quality Standards The manufacturing technology landscape evolves at breakneck speed. IoT integration, AI-driven optimization, cloud connectivity \u2013 new capabilities emerge constantly. Yet amidst this technological revolution,&#8230; Read More The True Cost of Reliability: Why Premium Manufacturing Equipment Pays for Itself When evaluating manufacturing equipment, the sticker price [&hellip;]<\/p>","protected":false},"author":1,"featured_media":0,"parent":0,"menu_order":0,"comment_status":"closed","ping_status":"closed","template":"","meta":{"footnotes":""},"class_list":["post-66","page","type-page","status-publish","hentry","blog-entry","format-standard"],"_links":{"self":[{"href":"https:\/\/www.mictufting.com\/tr\/wp-json\/wp\/v2\/pages\/66","targetHints":{"allow":["GET"]}}],"collection":[{"href":"https:\/\/www.mictufting.com\/tr\/wp-json\/wp\/v2\/pages"}],"about":[{"href":"https:\/\/www.mictufting.com\/tr\/wp-json\/wp\/v2\/types\/page"}],"author":[{"embeddable":true,"href":"https:\/\/www.mictufting.com\/tr\/wp-json\/wp\/v2\/users\/1"}],"replies":[{"embeddable":true,"href":"https:\/\/www.mictufting.com\/tr\/wp-json\/wp\/v2\/comments?post=66"}],"version-history":[{"count":6,"href":"https:\/\/www.mictufting.com\/tr\/wp-json\/wp\/v2\/pages\/66\/revisions"}],"predecessor-version":[{"id":2371,"href":"https:\/\/www.mictufting.com\/tr\/wp-json\/wp\/v2\/pages\/66\/revisions\/2371"}],"wp:attachment":[{"href":"https:\/\/www.mictufting.com\/tr\/wp-json\/wp\/v2\/media?parent=66"}],"curies":[{"name":"wp","href":"https:\/\/api.w.org\/{rel}","templated":true}]}}